{"id":27,"date":"2023-07-06T20:46:00","date_gmt":"2023-07-06T18:46:00","guid":{"rendered":"https:\/\/www.mecpoint.fi\/?page_id=27"},"modified":"2026-03-09T12:37:19","modified_gmt":"2026-03-09T10:37:19","slug":"yritys","status":"publish","type":"page","link":"https:\/\/www.mecpoint.fi\/index.php\/yritys\/","title":{"rendered":"Yritys"},"content":{"rendered":"\t\t<div data-elementor-type=\"wp-page\" data-elementor-id=\"27\" class=\"elementor elementor-27\">\n\t\t\t\t\t\t<section class=\"elementor-section elementor-top-section elementor-element elementor-element-c523996 elementor-section-boxed elementor-section-height-default elementor-section-height-default\" data-id=\"c523996\" data-element_type=\"section\" data-settings=\"{&quot;background_background&quot;:&quot;classic&quot;}\">\n\t\t\t\t\t\t<div class=\"elementor-container elementor-column-gap-default\">\n\t\t\t\t\t<div class=\"elementor-column elementor-col-100 elementor-top-column elementor-element elementor-element-ff9a597\" data-id=\"ff9a597\" data-element_type=\"column\">\n\t\t\t<div class=\"elementor-widget-wrap elementor-element-populated\">\n\t\t\t\t\t\t<div class=\"elementor-element elementor-element-b6d6971 elementor-widget__width-initial elementor-widget elementor-widget-heading\" data-id=\"b6d6971\" data-element_type=\"widget\" data-widget_type=\"heading.default\">\n\t\t\t\t<div class=\"elementor-widget-container\">\n\t\t\t<style>\/*! elementor - v3.23.0 - 05-08-2024 *\/\n.elementor-heading-title{padding:0;margin:0;line-height:1}.elementor-widget-heading .elementor-heading-title[class*=elementor-size-]>a{color:inherit;font-size:inherit;line-height:inherit}.elementor-widget-heading .elementor-heading-title.elementor-size-small{font-size:15px}.elementor-widget-heading .elementor-heading-title.elementor-size-medium{font-size:19px}.elementor-widget-heading .elementor-heading-title.elementor-size-large{font-size:29px}.elementor-widget-heading .elementor-heading-title.elementor-size-xl{font-size:39px}.elementor-widget-heading .elementor-heading-title.elementor-size-xxl{font-size:59px}<\/style><h2 class=\"elementor-heading-title elementor-size-default\">Yritys<\/h2>\t\t<\/div>\n\t\t\t\t<\/div>\n\t\t\t\t\t<\/div>\n\t\t<\/div>\n\t\t\t\t\t<\/div>\n\t\t<\/section>\n\t\t\t\t<section class=\"elementor-section elementor-top-section elementor-element elementor-element-2accae2 elementor-section-boxed elementor-section-height-default elementor-section-height-default\" data-id=\"2accae2\" data-element_type=\"section\">\n\t\t\t\t\t\t<div class=\"elementor-container elementor-column-gap-default\">\n\t\t\t\t\t<div class=\"elementor-column elementor-col-100 elementor-top-column elementor-element elementor-element-ed83dc9\" data-id=\"ed83dc9\" data-element_type=\"column\">\n\t\t\t<div class=\"elementor-widget-wrap elementor-element-populated\">\n\t\t\t\t\t\t<section class=\"elementor-section elementor-inner-section elementor-element elementor-element-035a258 elementor-section-boxed elementor-section-height-default elementor-section-height-default\" data-id=\"035a258\" data-element_type=\"section\">\n\t\t\t\t\t\t<div class=\"elementor-container elementor-column-gap-default\">\n\t\t\t\t\t<div class=\"elementor-column elementor-col-50 elementor-inner-column elementor-element elementor-element-a2f1269\" data-id=\"a2f1269\" data-element_type=\"column\">\n\t\t\t<div class=\"elementor-widget-wrap elementor-element-populated\">\n\t\t\t\t\t\t<div class=\"elementor-element elementor-element-b273502 elementor-widget elementor-widget-heading\" data-id=\"b273502\" data-element_type=\"widget\" data-widget_type=\"heading.default\">\n\t\t\t\t<div class=\"elementor-widget-container\">\n\t\t\t<h2 class=\"elementor-heading-title elementor-size-default\">Yritys<\/h2>\t\t<\/div>\n\t\t\t\t<\/div>\n\t\t\t\t<div class=\"elementor-element elementor-element-692129d elementor-widget__width-initial elementor-widget elementor-widget-text-editor\" data-id=\"692129d\" data-element_type=\"widget\" data-widget_type=\"text-editor.default\">\n\t\t\t\t<div class=\"elementor-widget-container\">\n\t\t\t<style>\/*! elementor - v3.23.0 - 05-08-2024 *\/\n.elementor-widget-text-editor.elementor-drop-cap-view-stacked .elementor-drop-cap{background-color:#69727d;color:#fff}.elementor-widget-text-editor.elementor-drop-cap-view-framed .elementor-drop-cap{color:#69727d;border:3px solid;background-color:transparent}.elementor-widget-text-editor:not(.elementor-drop-cap-view-default) .elementor-drop-cap{margin-top:8px}.elementor-widget-text-editor:not(.elementor-drop-cap-view-default) .elementor-drop-cap-letter{width:1em;height:1em}.elementor-widget-text-editor .elementor-drop-cap{float:left;text-align:center;line-height:1;font-size:50px}.elementor-widget-text-editor .elementor-drop-cap-letter{display:inline-block}<\/style>\t\t\t\t<p>Mecpoint Oy on vuonna 2023 perustettu yritys, joka tarjoaa monipuolisia palveluita teollisuuden eri aloille vahvalla ammattitaidolla ja asiantuntemuksella. Yritys toimii tiiviiss\u00e4 yhteisty\u00f6ss\u00e4 asiakkaidensa kanssa useilla teollisuudenaloilla, kuten:<\/p><ul><li><strong>Paperi-, sellu- ja kartonkiteollisuus<\/strong><\/li><li><strong>Kemianteollisuus<\/strong><\/li><li><strong>Kaivosteollisuus<\/strong><\/li><li><strong>Energia-ala<\/strong><\/li><li><strong>Mets\u00e4teollisuus<\/strong><\/li><\/ul><p>Mecpoint Oy:n vahvuus perustuu henkil\u00f6st\u00f6n vankkaan osaamiseen ja pitk\u00e4\u00e4n kokemukseen teollisuuden alalta. Yrityksen toiminnan keski\u00f6ss\u00e4 ovat arvot, jotka ohjaavat p\u00e4ivitt\u00e4ist\u00e4 tekemist\u00e4:<\/p><ol><li><strong>Laatu<\/strong> \u2013 Tavoitteena on tarjota aina korkeatasoisia ratkaisuja, jotka vastaavat asiakkaiden tarpeisiin.<\/li><li><strong>Turvallisuus<\/strong> \u2013 Ty\u00f6turvallisuuden ja ymp\u00e4rist\u00f6nsuojelun merkitys on keskeinen osa toimintaa.<\/li><li><strong>Asiakastyytyv\u00e4isyys<\/strong> \u2013 Asiakkaiden odotusten ylitt\u00e4minen on yritykselle t\u00e4rke\u00e4\u00e4.<\/li><li><strong>Vastuullisuus<\/strong> \u2013 Yritys kantaa vastuunsa niin ymp\u00e4rist\u00f6st\u00e4, ty\u00f6ntekij\u00f6ist\u00e4\u00e4n kuin yhteiskunnastakin.<\/li><\/ol><p>Mecpoint Oy pyrkii olemaan luotettava ja pitk\u00e4aikainen kumppani asiakkailleen, kehitt\u00e4en jatkuvasti palveluitaan ja toimintatapojaan vastaamaan teollisuuden alati muuttuvia tarpeita.<\/p>\t\t\t\t\t\t<\/div>\n\t\t\t\t<\/div>\n\t\t\t\t<div class=\"elementor-element elementor-element-296ebc7 elementor-widget elementor-widget-button\" data-id=\"296ebc7\" data-element_type=\"widget\" data-widget_type=\"button.default\">\n\t\t\t\t<div class=\"elementor-widget-container\">\n\t\t\t\t\t<div class=\"elementor-button-wrapper\">\n\t\t\t<a class=\"elementor-button elementor-button-link elementor-size-sm\" href=\"https:\/\/www.mecpoint.fi\/index.php\/yhteystiedot\/\">\n\t\t\t\t\t\t<span class=\"elementor-button-content-wrapper\">\n\t\t\t\t\t\t\t\t\t<span class=\"elementor-button-text\">Ota yhteytt\u00e4<\/span>\n\t\t\t\t\t<\/span>\n\t\t\t\t\t<\/a>\n\t\t<\/div>\n\t\t\t\t<\/div>\n\t\t\t\t<\/div>\n\t\t\t\t\t<\/div>\n\t\t<\/div>\n\t\t\t\t<div class=\"elementor-column elementor-col-50 elementor-inner-column elementor-element elementor-element-59ad89a\" data-id=\"59ad89a\" data-element_type=\"column\">\n\t\t\t<div class=\"elementor-widget-wrap elementor-element-populated\">\n\t\t\t\t\t\t<div class=\"elementor-element elementor-element-235a00a elementor-widget elementor-widget-image\" data-id=\"235a00a\" data-element_type=\"widget\" data-widget_type=\"image.default\">\n\t\t\t\t<div class=\"elementor-widget-container\">\n\t\t\t<style>\/*! elementor - v3.23.0 - 05-08-2024 *\/\n.elementor-widget-image{text-align:center}.elementor-widget-image a{display:inline-block}.elementor-widget-image a img[src$=\".svg\"]{width:48px}.elementor-widget-image img{vertical-align:middle;display:inline-block}<\/style>\t\t\t\t\t\t\t\t\t\t<img fetchpriority=\"high\" decoding=\"async\" width=\"800\" height=\"450\" src=\"https:\/\/www.mecpoint.fi\/wp-content\/uploads\/2023\/07\/tausta9-1-e1701415543353-800x450.jpg\" class=\"attachment-ocean-thumb-ml size-ocean-thumb-ml wp-image-115\" alt=\"\" \/>\t\t\t\t\t\t\t\t\t\t\t\t\t<\/div>\n\t\t\t\t<\/div>\n\t\t\t\t<div class=\"elementor-element elementor-element-384493d elementor-widget elementor-widget-image\" data-id=\"384493d\" data-element_type=\"widget\" data-widget_type=\"image.default\">\n\t\t\t\t<div class=\"elementor-widget-container\">\n\t\t\t\t\t\t\t\t\t\t\t\t\t<img decoding=\"async\" width=\"1024\" height=\"903\" src=\"https:\/\/www.mecpoint.fi\/wp-content\/uploads\/2026\/03\/STANDING_BLACK_1080x952-1024x903.png\" class=\"attachment-large size-large wp-image-536\" alt=\"\" srcset=\"https:\/\/www.mecpoint.fi\/wp-content\/uploads\/2026\/03\/STANDING_BLACK_1080x952-1024x903.png 1024w, https:\/\/www.mecpoint.fi\/wp-content\/uploads\/2026\/03\/STANDING_BLACK_1080x952-300x264.png 300w, https:\/\/www.mecpoint.fi\/wp-content\/uploads\/2026\/03\/STANDING_BLACK_1080x952-768x677.png 768w, https:\/\/www.mecpoint.fi\/wp-content\/uploads\/2026\/03\/STANDING_BLACK_1080x952.png 1080w\" sizes=\"(max-width: 1024px) 100vw, 1024px\" \/>\t\t\t\t\t\t\t\t\t\t\t\t\t<\/div>\n\t\t\t\t<\/div>\n\t\t\t\t\t<\/div>\n\t\t<\/div>\n\t\t\t\t\t<\/div>\n\t\t<\/section>\n\t\t\t\t\t<\/div>\n\t\t<\/div>\n\t\t\t\t\t<\/div>\n\t\t<\/section>\n\t\t\t\t<\/div>\n\t\t","protected":false},"excerpt":{"rendered":"<p>Yritys Yritys Mecpoint Oy on vuonna 2023 perustettu yritys, joka tarjoaa monipuolisia palveluita teollisuuden eri aloille vahvalla ammattitaidolla ja asiantuntemuksella. Yritys toimii tiiviiss\u00e4 yhteisty\u00f6ss\u00e4 asiakkaidensa kanssa useilla teollisuudenaloilla, kuten: Paperi-, sellu- ja kartonkiteollisuus Kemianteollisuus Kaivosteollisuus Energia-ala Mets\u00e4teollisuus Mecpoint Oy:n vahvuus perustuu henkil\u00f6st\u00f6n vankkaan osaamiseen ja pitk\u00e4\u00e4n kokemukseen teollisuuden alalta. Yrityksen toiminnan keski\u00f6ss\u00e4 ovat arvot, jotka [&hellip;]<\/p>\n","protected":false},"author":1,"featured_media":0,"parent":0,"menu_order":0,"comment_status":"closed","ping_status":"closed","template":"elementor_header_footer","meta":{"ocean_post_layout":"","ocean_both_sidebars_style":"","ocean_both_sidebars_content_width":0,"ocean_both_sidebars_sidebars_width":0,"ocean_sidebar":"","ocean_second_sidebar":"","ocean_disable_margins":"enable","ocean_add_body_class":"","ocean_shortcode_before_top_bar":"","ocean_shortcode_after_top_bar":"","ocean_shortcode_before_header":"","ocean_shortcode_after_header":"","ocean_has_shortcode":"","ocean_shortcode_after_title":"","ocean_shortcode_before_footer_widgets":"","ocean_shortcode_after_footer_widgets":"","ocean_shortcode_before_footer_bottom":"","ocean_shortcode_after_footer_bottom":"","ocean_display_top_bar":"default","ocean_display_header":"default","ocean_header_style":"","ocean_center_header_left_menu":"","ocean_custom_header_template":"","ocean_custom_logo":0,"ocean_custom_retina_logo":0,"ocean_custom_logo_max_width":0,"ocean_custom_logo_tablet_max_width":0,"ocean_custom_logo_mobile_max_width":0,"ocean_custom_logo_max_height":0,"ocean_custom_logo_tablet_max_height":0,"ocean_custom_logo_mobile_max_height":0,"ocean_header_custom_menu":"","ocean_menu_typo_font_family":"","ocean_menu_typo_font_subset":"","ocean_menu_typo_font_size":0,"ocean_menu_typo_font_size_tablet":0,"ocean_menu_typo_font_size_mobile":0,"ocean_menu_typo_font_size_unit":"px","ocean_menu_typo_font_weight":"","ocean_menu_typo_font_weight_tablet":"","ocean_menu_typo_font_weight_mobile":"","ocean_menu_typo_transform":"","ocean_menu_typo_transform_tablet":"","ocean_menu_typo_transform_mobile":"","ocean_menu_typo_line_height":0,"ocean_menu_typo_line_height_tablet":0,"ocean_menu_typo_line_height_mobile":0,"ocean_menu_typo_line_height_unit":"","ocean_menu_typo_spacing":0,"ocean_menu_typo_spacing_tablet":0,"ocean_menu_typo_spacing_mobile":0,"ocean_menu_typo_spacing_unit":"","ocean_menu_link_color":"","ocean_menu_link_color_hover":"","ocean_menu_link_color_active":"","ocean_menu_link_background":"","ocean_menu_link_hover_background":"","ocean_menu_link_active_background":"","ocean_menu_social_links_bg":"","ocean_menu_social_hover_links_bg":"","ocean_menu_social_links_color":"","ocean_menu_social_hover_links_color":"","ocean_disable_title":"default","ocean_disable_heading":"default","ocean_post_title":"","ocean_post_subheading":"","ocean_post_title_style":"","ocean_post_title_background_color":"","ocean_post_title_background":0,"ocean_post_title_bg_image_position":"","ocean_post_title_bg_image_attachment":"","ocean_post_title_bg_image_repeat":"","ocean_post_title_bg_image_size":"","ocean_post_title_height":0,"ocean_post_title_bg_overlay":0.5,"ocean_post_title_bg_overlay_color":"","ocean_disable_breadcrumbs":"default","ocean_breadcrumbs_color":"","ocean_breadcrumbs_separator_color":"","ocean_breadcrumbs_links_color":"","ocean_breadcrumbs_links_hover_color":"","ocean_display_footer_widgets":"default","ocean_display_footer_bottom":"default","ocean_custom_footer_template":""},"_links":{"self":[{"href":"https:\/\/www.mecpoint.fi\/index.php\/wp-json\/wp\/v2\/pages\/27"}],"collection":[{"href":"https:\/\/www.mecpoint.fi\/index.php\/wp-json\/wp\/v2\/pages"}],"about":[{"href":"https:\/\/www.mecpoint.fi\/index.php\/wp-json\/wp\/v2\/types\/page"}],"author":[{"embeddable":true,"href":"https:\/\/www.mecpoint.fi\/index.php\/wp-json\/wp\/v2\/users\/1"}],"replies":[{"embeddable":true,"href":"https:\/\/www.mecpoint.fi\/index.php\/wp-json\/wp\/v2\/comments?post=27"}],"version-history":[{"count":74,"href":"https:\/\/www.mecpoint.fi\/index.php\/wp-json\/wp\/v2\/pages\/27\/revisions"}],"predecessor-version":[{"id":539,"href":"https:\/\/www.mecpoint.fi\/index.php\/wp-json\/wp\/v2\/pages\/27\/revisions\/539"}],"wp:attachment":[{"href":"https:\/\/www.mecpoint.fi\/index.php\/wp-json\/wp\/v2\/media?parent=27"}],"curies":[{"name":"wp","href":"https:\/\/api.w.org\/{rel}","templated":true}]}}